{"id":7936,"date":"2023-12-06T02:23:22","date_gmt":"2023-12-06T02:23:22","guid":{"rendered":"https:\/\/atelierp7.cz\/?post_type=product&#038;p=7936"},"modified":"2023-12-11T09:52:23","modified_gmt":"2023-12-11T09:52:23","slug":"2500-kc-darkovy-poukaz","status":"publish","type":"product","link":"https:\/\/atelierp7.cz\/cs\/produkt\/2500-kc-darkovy-poukaz\/","title":{"rendered":"2 500 K\u010d &#8211; d\u00e1rkov\u00fd poukaz"},"content":{"rendered":"\t\t<div data-elementor-type=\"wp-post\" data-elementor-id=\"7936\" class=\"elementor elementor-7936 elementor-7935\">\n\t\t\t\t\t\t\t\t\t<section class=\"elementor-section elementor-top-section elementor-element elementor-element-7afe447 elementor-section-boxed elementor-section-height-default elementor-section-height-default sc_fly_static\" data-id=\"7afe447\" data-element_type=\"section\">\n\t\t\t\t\t\t<div class=\"elementor-container elementor-column-gap-extended\">\n\t\t\t\t\t<div class=\"elementor-column elementor-col-100 elementor-top-column elementor-element elementor-element-c4ae4b7 sc_inner_width_none sc_content_align_inherit sc_layouts_column_icons_position_left sc_fly_static\" data-id=\"c4ae4b7\" data-element_type=\"column\">\n\t\t\t<div class=\"elementor-widget-wrap elementor-element-populated\">\n\t\t\t\t\t\t\t\t<div class=\"elementor-element elementor-element-ff554e7 elementor-widget__width-inherit animation_type_block sc_fly_static elementor-widget elementor-widget-text-editor\" data-id=\"ff554e7\" data-element_type=\"widget\" data-widget_type=\"text-editor.default\">\n\t\t\t\t<div class=\"elementor-widget-container\">\n\t\t\t\t\t\t\t<p><strong>D\u00e1rkov\u00e1 pohotovost:<\/strong><\/p><ol><li>Objednejte<\/li><li>Uhra\u010fte<\/li><li>Vytisknete <span style=\"text-decoration: underline;\"><a href=\"https:\/\/atelierp7.cz\/wp-content\/uploads\/2023\/12\/2500-KC-Atelier-P7-Darkovy-poukaz.pdf\" target=\"_blank\" rel=\"noopener\"><strong>Poukaz PDF (CZ)<\/strong><\/a><\/span> nebo z galerie produktu<\/li><li>Napi\u0161te na poukaz ID objedn\u00e1vky<\/li><li>Darujte jako d\u00e1rek<\/li><\/ol>\t\t\t\t\t\t<\/div>\n\t\t\t\t<\/div>\n\t\t\t\t\t<\/div>\n\t\t<\/div>\n\t\t\t\t\t\t\t<\/div>\n\t\t<\/section>\n\t\t\t\t\t\t\t<\/div>\n\t\t","protected":false},"excerpt":{"rendered":"<ul>\n<li><strong>Na keramick\u00fd kurz nebo produkt v Atelier P7<\/strong><\/li>\n<li>Dukelsk\u00fdch hrdin\u016f 909\/50, 17000 Praha 7<\/li>\n<li>Kontaktujte n\u00e1s pro podrobnosti<\/li>\n<\/ul>\n","protected":false},"featured_media":7846,"template":"","meta":{"content-type":""},"product_cat":[161],"product_tag":[],"_links":{"self":[{"href":"https:\/\/atelierp7.cz\/cs\/wp-json\/wp\/v2\/product\/7936"}],"collection":[{"href":"https:\/\/atelierp7.cz\/cs\/wp-json\/wp\/v2\/product"}],"about":[{"href":"https:\/\/atelierp7.cz\/cs\/wp-json\/wp\/v2\/types\/product"}],"version-history":[{"count":11,"href":"https:\/\/atelierp7.cz\/cs\/wp-json\/wp\/v2\/product\/7936\/revisions"}],"predecessor-version":[{"id":8117,"href":"https:\/\/atelierp7.cz\/cs\/wp-json\/wp\/v2\/product\/7936\/revisions\/8117"}],"wp:featuredmedia":[{"embeddable":true,"href":"https:\/\/atelierp7.cz\/cs\/wp-json\/wp\/v2\/media\/7846"}],"wp:attachment":[{"href":"https:\/\/atelierp7.cz\/cs\/wp-json\/wp\/v2\/media?parent=7936"}],"wp:term":[{"taxonomy":"product_cat","embeddable":true,"href":"https:\/\/atelierp7.cz\/cs\/wp-json\/wp\/v2\/product_cat?post=7936"},{"taxonomy":"product_tag","embeddable":true,"href":"https:\/\/atelierp7.cz\/cs\/wp-json\/wp\/v2\/product_tag?post=7936"}],"curies":[{"name":"wp","href":"https:\/\/api.w.org\/{rel}","templated":true}]}}