{"id":7531,"date":"2022-10-10T19:46:27","date_gmt":"2023-10-31T23:42:03","guid":{"rendered":"https:\/\/atelierp7.cz\/product\/keramicky-workshop-hrnek-darkovy-poukaz\/"},"modified":"2023-12-24T00:02:02","modified_gmt":"2023-12-24T00:02:02","slug":"keramicky-workshop-hrnek-voucher","status":"publish","type":"product","link":"https:\/\/atelierp7.cz\/cs\/produkt\/keramicky-workshop-hrnek-voucher\/","title":{"rendered":"Keramick\u00fd workshop \u201ehrnek\u201c &#8211; D\u00e1rkov\u00fd poukaz"},"content":{"rendered":"\t\t<div data-elementor-type=\"wp-post\" data-elementor-id=\"7531\" class=\"elementor elementor-7531 elementor-3445\">\n\t\t\t\t\t\t\t\t\t<section class=\"elementor-section elementor-top-section elementor-element elementor-element-7afe447 elementor-section-boxed elementor-section-height-default elementor-section-height-default sc_fly_static\" data-id=\"7afe447\" data-element_type=\"section\">\n\t\t\t\t\t\t<div class=\"elementor-container elementor-column-gap-extended\">\n\t\t\t\t\t<div class=\"elementor-column elementor-col-100 elementor-top-column elementor-element elementor-element-c4ae4b7 sc_inner_width_none sc_content_align_inherit sc_layouts_column_icons_position_left sc_fly_static\" data-id=\"c4ae4b7\" data-element_type=\"column\">\n\t\t\t<div class=\"elementor-widget-wrap elementor-element-populated\">\n\t\t\t\t\t\t\t\t<div class=\"elementor-element elementor-element-ff554e7 elementor-widget__width-inherit animation_type_block sc_fly_static elementor-widget elementor-widget-text-editor\" data-id=\"ff554e7\" data-element_type=\"widget\" data-widget_type=\"text-editor.default\">\n\t\t\t\t<div class=\"elementor-widget-container\">\n\t\t\t\t\t\t\t<p><a href=\"https:\/\/atelierp7.cz\/cs\/kurzy-keramiky-praha\/jednodenni-kurz-keramiky-praha\/\" target=\"_blank\" rel=\"noopener\"><strong><span style=\"text-decoration: underline;\">Ve\u0161ker\u00e9 informace o jednodenn\u00edm kurzu keramiky najdete zde &gt;&gt;<\/span><\/strong><\/a><\/p>\n<p><strong>D\u00e1rkov\u00e1 pohotovost:<\/strong><\/p>\n<ol>\n<li>Objednejte<\/li>\n<li>Uhra\u010fte<\/li>\n<li>Vytisknete <span style=\"text-decoration: underline;\"><a href=\"https:\/\/atelierp7.cz\/wp-content\/uploads\/2023\/10\/Gift_Voucher_1h_pottery_workshop_prague_cs.pdf\" target=\"_blank\" rel=\"noopener\"><strong>Poukaz PDF (CZ)<\/strong><\/a><\/span> nebo z galerie produktu<\/li>\n<li>Napi\u0161te na poukaz ID objedn\u00e1vky<\/li>\n<li>Darujte jako d\u00e1rek<\/li>\n<\/ol>\n<p><a href=\"https:\/\/atelierp7.cz\/cs\/kurzy-keramiky-praha\/3-tydenni-kurz-keramiky\/\" target=\"_blank\" rel=\"noopener\"><strong> <\/strong><\/a><\/p>\n\t\t\t\t\t\t<\/div>\n\t\t\t\t<\/div>\n\t\t\t\t\t<\/div>\n\t\t<\/div>\n\t\t\t\t\t\t\t<\/div>\n\t\t<\/section>\n\t\t\t\t\t\t\t<\/div>\n\t\t","protected":false},"excerpt":{"rendered":"<p>Ve\u0161ker\u00e9 informace o jednodenn\u00edm kurzu keramiky najdete zde &gt;&gt; D\u00e1rkov\u00e1 pohotovost: Objednejte Uhra\u010fte Vytisknete Poukaz PDF (CZ) nebo z galerie produktu Napi\u0161te na poukaz ID objedn\u00e1vky Darujte jako d\u00e1rek &nbsp;<\/p>\n","protected":false},"featured_media":8276,"template":"","meta":{"content-type":""},"product_cat":[161,162],"product_tag":[],"_links":{"self":[{"href":"https:\/\/atelierp7.cz\/cs\/wp-json\/wp\/v2\/product\/7531"}],"collection":[{"href":"https:\/\/atelierp7.cz\/cs\/wp-json\/wp\/v2\/product"}],"about":[{"href":"https:\/\/atelierp7.cz\/cs\/wp-json\/wp\/v2\/types\/product"}],"version-history":[{"count":5,"href":"https:\/\/atelierp7.cz\/cs\/wp-json\/wp\/v2\/product\/7531\/revisions"}],"predecessor-version":[{"id":8277,"href":"https:\/\/atelierp7.cz\/cs\/wp-json\/wp\/v2\/product\/7531\/revisions\/8277"}],"wp:featuredmedia":[{"embeddable":true,"href":"https:\/\/atelierp7.cz\/cs\/wp-json\/wp\/v2\/media\/8276"}],"wp:attachment":[{"href":"https:\/\/atelierp7.cz\/cs\/wp-json\/wp\/v2\/media?parent=7531"}],"wp:term":[{"taxonomy":"product_cat","embeddable":true,"href":"https:\/\/atelierp7.cz\/cs\/wp-json\/wp\/v2\/product_cat?post=7531"},{"taxonomy":"product_tag","embeddable":true,"href":"https:\/\/atelierp7.cz\/cs\/wp-json\/wp\/v2\/product_tag?post=7531"}],"curies":[{"name":"wp","href":"https:\/\/api.w.org\/{rel}","templated":true}]}}