{"id":7528,"date":"2022-09-09T21:13:48","date_gmt":"2023-10-31T23:18:31","guid":{"rendered":"https:\/\/atelierp7.cz\/product\/kurz-toceni-na-kruhu-darkovy-poukaz\/"},"modified":"2023-12-11T09:57:30","modified_gmt":"2023-12-11T09:57:30","slug":"kurz-toceni-na-kruhu-voucher","status":"publish","type":"product","link":"https:\/\/atelierp7.cz\/cs\/produkt\/kurz-toceni-na-kruhu-voucher\/","title":{"rendered":"Kurz to\u010den\u00ed na kruhu &#8211; D\u00e1rkov\u00fd poukaz"},"content":{"rendered":"\t\t<div data-elementor-type=\"wp-post\" data-elementor-id=\"7528\" class=\"elementor elementor-7528 elementor-3501\">\n\t\t\t\t\t\t\t\t\t<section class=\"elementor-section elementor-top-section elementor-element elementor-element-831c492 elementor-section-boxed elementor-section-height-default elementor-section-height-default sc_fly_static\" data-id=\"831c492\" data-element_type=\"section\">\n\t\t\t\t\t\t<div class=\"elementor-container elementor-column-gap-extended\">\n\t\t\t\t\t<div class=\"elementor-column elementor-col-100 elementor-top-column elementor-element elementor-element-1db7f9d sc_inner_width_none sc_content_align_inherit sc_layouts_column_icons_position_left sc_fly_static\" data-id=\"1db7f9d\" data-element_type=\"column\">\n\t\t\t<div class=\"elementor-widget-wrap elementor-element-populated\">\n\t\t\t\t\t\t\t\t<div class=\"elementor-element elementor-element-dfc1a2a elementor-widget__width-inherit animation_type_block sc_fly_static elementor-widget elementor-widget-text-editor\" data-id=\"dfc1a2a\" data-element_type=\"widget\" data-widget_type=\"text-editor.default\">\n\t\t\t\t<div class=\"elementor-widget-container\">\n\t\t\t\t\t\t\t<p><a href=\"https:\/\/atelierp7.cz\/cs\/kurzy-keramiky-praha\/kurz-toceni-na-kruhu-praha\/\" target=\"_blank\" rel=\"noopener\"><strong><span style=\"text-decoration: underline;\">Ve\u0161ker\u00e9 informace o kurzu to\u010den\u00ed na kruhu najdete zde &gt;&gt;<\/span><\/strong><\/a><\/p>\n<p><strong>D\u00e1rkov\u00e1 pohotovost:<\/strong><\/p>\n<ol>\n<li>Objednejte<\/li>\n<li>Uhra\u010fte<\/li>\n<li>Vytisknete <span style=\"text-decoration: underline;\"><a href=\"https:\/\/atelierp7.cz\/wp-content\/uploads\/2023\/10\/Gift_Voucher_pottery_wheel_throwing_class_prague_cs.pdf\" target=\"_blank\" rel=\"noopener\"><strong>Poukaz PDF (CZ)<\/strong><\/a><\/span> nebo z galerie produktu<\/li>\n<li>Napi\u0161te na poukaz ID objedn\u00e1vky<\/li>\n<li>Darujte jako d\u00e1rek<\/li>\n<\/ol>\n<p><a href=\"https:\/\/atelierp7.cz\/cs\/kurzy-keramiky-praha\/3-tydenni-kurz-keramiky\/\" target=\"_blank\" rel=\"noopener\"><strong> <\/strong><\/a><\/p>\n\t\t\t\t\t\t<\/div>\n\t\t\t\t<\/div>\n\t\t\t\t\t<\/div>\n\t\t<\/div>\n\t\t\t\t\t\t\t<\/div>\n\t\t<\/section>\n\t\t\t\t\t\t\t<\/div>\n\t\t","protected":false},"excerpt":{"rendered":"<p>Ve\u0161ker\u00e9 informace o kurzu to\u010den\u00ed na kruhu najdete zde &gt;&gt; D\u00e1rkov\u00e1 pohotovost: Objednejte Uhra\u010fte Vytisknete Poukaz PDF (CZ) nebo z galerie produktu Napi\u0161te na poukaz ID objedn\u00e1vky Darujte jako d\u00e1rek<\/p>\n","protected":false},"featured_media":7613,"template":"","meta":{"content-type":""},"product_cat":[161,162],"product_tag":[],"_links":{"self":[{"href":"https:\/\/atelierp7.cz\/cs\/wp-json\/wp\/v2\/product\/7528"}],"collection":[{"href":"https:\/\/atelierp7.cz\/cs\/wp-json\/wp\/v2\/product"}],"about":[{"href":"https:\/\/atelierp7.cz\/cs\/wp-json\/wp\/v2\/types\/product"}],"version-history":[{"count":4,"href":"https:\/\/atelierp7.cz\/cs\/wp-json\/wp\/v2\/product\/7528\/revisions"}],"predecessor-version":[{"id":7622,"href":"https:\/\/atelierp7.cz\/cs\/wp-json\/wp\/v2\/product\/7528\/revisions\/7622"}],"wp:featuredmedia":[{"embeddable":true,"href":"https:\/\/atelierp7.cz\/cs\/wp-json\/wp\/v2\/media\/7613"}],"wp:attachment":[{"href":"https:\/\/atelierp7.cz\/cs\/wp-json\/wp\/v2\/media?parent=7528"}],"wp:term":[{"taxonomy":"product_cat","embeddable":true,"href":"https:\/\/atelierp7.cz\/cs\/wp-json\/wp\/v2\/product_cat?post=7528"},{"taxonomy":"product_tag","embeddable":true,"href":"https:\/\/atelierp7.cz\/cs\/wp-json\/wp\/v2\/product_tag?post=7528"}],"curies":[{"name":"wp","href":"https:\/\/api.w.org\/{rel}","templated":true}]}}