{"id":7518,"date":"2022-09-08T23:15:15","date_gmt":"2023-10-31T23:11:20","guid":{"rendered":"https:\/\/atelierp7.cz\/product\/12tydenni-kurz-keramiky-praha-darkovy-poukaz\/"},"modified":"2023-12-11T09:58:10","modified_gmt":"2023-12-11T09:58:10","slug":"12tydenni-kurz-keramiky-praha-voucher","status":"publish","type":"product","link":"https:\/\/atelierp7.cz\/cs\/produkt\/12tydenni-kurz-keramiky-praha-voucher\/","title":{"rendered":"12t\u00fddenn\u00ed kurz keramiky, Praha &#8211; D\u00e1rkov\u00fd poukaz"},"content":{"rendered":"\t\t<div data-elementor-type=\"wp-post\" data-elementor-id=\"7518\" class=\"elementor elementor-7518 elementor-3915\">\n\t\t\t\t\t\t\t\t\t<section class=\"elementor-section elementor-top-section elementor-element elementor-element-fccad97 elementor-section-boxed elementor-section-height-default elementor-section-height-default sc_fly_static\" data-id=\"fccad97\" data-element_type=\"section\">\n\t\t\t\t\t\t<div class=\"elementor-container elementor-column-gap-extended\">\n\t\t\t\t\t<div class=\"elementor-column elementor-col-100 elementor-top-column elementor-element elementor-element-a237a0e sc_inner_width_none sc_content_align_inherit sc_layouts_column_icons_position_left sc_fly_static\" data-id=\"a237a0e\" data-element_type=\"column\">\n\t\t\t<div class=\"elementor-widget-wrap elementor-element-populated\">\n\t\t\t\t\t\t\t\t<div class=\"elementor-element elementor-element-cc8b0b8 elementor-widget__width-inherit animation_type_block sc_fly_static elementor-widget elementor-widget-text-editor\" data-id=\"cc8b0b8\" data-element_type=\"widget\" data-widget_type=\"text-editor.default\">\n\t\t\t\t<div class=\"elementor-widget-container\">\n\t\t\t\t\t\t\t<p><a href=\"https:\/\/atelierp7.cz\/cs\/kurzy-keramiky-praha\/dlouhodoby-keramicky-kurz\/\" target=\"_blank\" rel=\"noopener\"><strong><span style=\"text-decoration: underline;\">Ve\u0161ker\u00e9 informace o 12t\u00fddenn\u00edm kurzu keramiky najdete zde &gt;&gt;<\/span><\/strong><\/a><\/p>\n<p><strong>D\u00e1rkov\u00e1 pohotovost:<\/strong><\/p>\n<ol>\n<li>Objednejte<\/li>\n<li>Uhra\u010fte<\/li>\n<li>Vytisknete <span style=\"text-decoration: underline;\"><a href=\"https:\/\/atelierp7.cz\/wp-content\/uploads\/2023\/10\/12w_pottery_class_prague_cs.pdf\" target=\"_blank\" rel=\"noopener\"><strong>Poukaz PDF (CZ)<\/strong><\/a><\/span> nebo z galerie produktu<\/li>\n<li>Napi\u0161te na poukaz ID objedn\u00e1vky<\/li>\n<li>Darujte jako d\u00e1rek<\/li>\n<\/ol>\n<p><a href=\"https:\/\/atelierp7.cz\/cs\/kurzy-keramiky-praha\/3-tydenni-kurz-keramiky\/\" target=\"_blank\" rel=\"noopener\"><strong> <\/strong><\/a><\/p>\n\t\t\t\t\t\t<\/div>\n\t\t\t\t<\/div>\n\t\t\t\t\t<\/div>\n\t\t<\/div>\n\t\t\t\t\t\t\t<\/div>\n\t\t<\/section>\n\t\t\t\t\t\t\t<\/div>\n\t\t","protected":false},"excerpt":{"rendered":"<p>&nbsp;<\/p>\n<ul>\n<li style=\"list-style-type: none;\">\n<\/li>\n<\/ul>\n","protected":false},"featured_media":7590,"template":"","meta":{"content-type":""},"product_cat":[161,162],"product_tag":[],"_links":{"self":[{"href":"https:\/\/atelierp7.cz\/cs\/wp-json\/wp\/v2\/product\/7518"}],"collection":[{"href":"https:\/\/atelierp7.cz\/cs\/wp-json\/wp\/v2\/product"}],"about":[{"href":"https:\/\/atelierp7.cz\/cs\/wp-json\/wp\/v2\/types\/product"}],"version-history":[{"count":13,"href":"https:\/\/atelierp7.cz\/cs\/wp-json\/wp\/v2\/product\/7518\/revisions"}],"predecessor-version":[{"id":7600,"href":"https:\/\/atelierp7.cz\/cs\/wp-json\/wp\/v2\/product\/7518\/revisions\/7600"}],"wp:featuredmedia":[{"embeddable":true,"href":"https:\/\/atelierp7.cz\/cs\/wp-json\/wp\/v2\/media\/7590"}],"wp:attachment":[{"href":"https:\/\/atelierp7.cz\/cs\/wp-json\/wp\/v2\/media?parent=7518"}],"wp:term":[{"taxonomy":"product_cat","embeddable":true,"href":"https:\/\/atelierp7.cz\/cs\/wp-json\/wp\/v2\/product_cat?post=7518"},{"taxonomy":"product_tag","embeddable":true,"href":"https:\/\/atelierp7.cz\/cs\/wp-json\/wp\/v2\/product_tag?post=7518"}],"curies":[{"name":"wp","href":"https:\/\/api.w.org\/{rel}","templated":true}]}}