{"id":7516,"date":"2023-10-24T22:41:28","date_gmt":"2023-10-31T23:08:48","guid":{"rendered":"https:\/\/atelierp7.cz\/product\/3tydenni-kurz-keramiky-darkovy-poukaz\/"},"modified":"2023-12-11T09:55:50","modified_gmt":"2023-12-11T09:55:50","slug":"3tydenni-kurz-keramiky-voucher","status":"publish","type":"product","link":"https:\/\/atelierp7.cz\/cs\/produkt\/3tydenni-kurz-keramiky-voucher\/","title":{"rendered":"3t\u00fddenn\u00ed kurz keramiky &#8211; D\u00e1rkov\u00fd poukaz"},"content":{"rendered":"\t\t<div data-elementor-type=\"wp-post\" data-elementor-id=\"7516\" class=\"elementor elementor-7516 elementor-6602\">\n\t\t\t\t\t\t\t\t\t<section class=\"elementor-section elementor-top-section elementor-element elementor-element-7965ea25 elementor-section-boxed elementor-section-height-default elementor-section-height-default sc_fly_static\" data-id=\"7965ea25\" data-element_type=\"section\">\n\t\t\t\t\t\t<div class=\"elementor-container elementor-column-gap-extended\">\n\t\t\t\t\t<div class=\"elementor-column elementor-col-100 elementor-top-column elementor-element elementor-element-2bff25a1 sc_inner_width_none sc_content_align_inherit sc_layouts_column_icons_position_left sc_fly_static\" data-id=\"2bff25a1\" data-element_type=\"column\">\n\t\t\t<div class=\"elementor-widget-wrap elementor-element-populated\">\n\t\t\t\t\t\t\t\t<div class=\"elementor-element elementor-element-4c156a3 elementor-widget__width-inherit animation_type_block sc_fly_static elementor-widget elementor-widget-text-editor\" data-id=\"4c156a3\" data-element_type=\"widget\" data-widget_type=\"text-editor.default\">\n\t\t\t\t<div class=\"elementor-widget-container\">\n\t\t\t\t\t\t\t<p><a href=\"https:\/\/atelierp7.cz\/cs\/kurzy-keramiky-praha\/3-tydenni-kurz-keramiky\/\" target=\"_blank\" rel=\"noopener\"><strong><span style=\"text-decoration: underline;\">Ve\u0161ker\u00e9 informace o 3t\u00fddenn\u00edm kurzu keramiky najdete zde &gt;&gt;<\/span><\/strong><\/a><\/p>\n<p><strong>D\u00e1rkov\u00e1 pohotovost:<\/strong><\/p>\n<ol>\n<li>Objednejte<\/li>\n<li>Uhra\u010fte<\/li>\n<li>Vytisknete <a href=\"https:\/\/atelierp7.cz\/wp-content\/uploads\/2023\/10\/Gift_Voucher_3w_Pottery_Class_Prague_cs.pdf\" target=\"_blank\" rel=\"noopener\"><strong>Poukaz PDF (CZ)<\/strong><\/a> nebo z galerie produktu<\/li>\n<li>Napi\u0161te na poukaz ID objedn\u00e1vky<\/li>\n<li>Darujte jako d\u00e1rek<\/li>\n<\/ol>\n<p><a href=\"https:\/\/atelierp7.cz\/cs\/kurzy-keramiky-praha\/3-tydenni-kurz-keramiky\/\" target=\"_blank\" rel=\"noopener\"><strong> <\/strong><\/a><\/p>\n\t\t\t\t\t\t<\/div>\n\t\t\t\t<\/div>\n\t\t\t\t\t<\/div>\n\t\t<\/div>\n\t\t\t\t\t\t\t<\/div>\n\t\t<\/section>\n\t\t\t\t\t\t\t<\/div>\n\t\t","protected":false},"excerpt":{"rendered":"<p>Ve\u0161ker\u00e9 informace o 3t\u00fddenn\u00edm kurzu keramiky najdete zde &gt;&gt; D\u00e1rkov\u00e1 pohotovost: Objednejte Uhra\u010fte Vytisknete Poukaz PDF (CZ) nebo z galerie produktu Napi\u0161te na poukaz ID objedn\u00e1vky Darujte jako d\u00e1rek<\/p>\n","protected":false},"featured_media":7617,"template":"","meta":{"content-type":""},"product_cat":[161,162],"product_tag":[],"_links":{"self":[{"href":"https:\/\/atelierp7.cz\/cs\/wp-json\/wp\/v2\/product\/7516"}],"collection":[{"href":"https:\/\/atelierp7.cz\/cs\/wp-json\/wp\/v2\/product"}],"about":[{"href":"https:\/\/atelierp7.cz\/cs\/wp-json\/wp\/v2\/types\/product"}],"version-history":[{"count":11,"href":"https:\/\/atelierp7.cz\/cs\/wp-json\/wp\/v2\/product\/7516\/revisions"}],"predecessor-version":[{"id":7633,"href":"https:\/\/atelierp7.cz\/cs\/wp-json\/wp\/v2\/product\/7516\/revisions\/7633"}],"wp:featuredmedia":[{"embeddable":true,"href":"https:\/\/atelierp7.cz\/cs\/wp-json\/wp\/v2\/media\/7617"}],"wp:attachment":[{"href":"https:\/\/atelierp7.cz\/cs\/wp-json\/wp\/v2\/media?parent=7516"}],"wp:term":[{"taxonomy":"product_cat","embeddable":true,"href":"https:\/\/atelierp7.cz\/cs\/wp-json\/wp\/v2\/product_cat?post=7516"},{"taxonomy":"product_tag","embeddable":true,"href":"https:\/\/atelierp7.cz\/cs\/wp-json\/wp\/v2\/product_tag?post=7516"}],"curies":[{"name":"wp","href":"https:\/\/api.w.org\/{rel}","templated":true}]}}