{"id":7514,"date":"2023-10-25T01:09:58","date_gmt":"2023-10-31T22:59:54","guid":{"rendered":"https:\/\/atelierp7.cz\/product\/soukroma-lekce-keramiky-darkovy-poukaz\/"},"modified":"2025-12-05T21:40:20","modified_gmt":"2025-12-05T21:40:20","slug":"soukroma-lekce-keramiky-voucher","status":"publish","type":"product","link":"https:\/\/atelierp7.cz\/cs\/produkt\/soukroma-lekce-keramiky-voucher\/","title":{"rendered":"Soukrom\u00e1 lekce keramiky &#8211; D\u00e1rkov\u00fd poukaz"},"content":{"rendered":"\t\t<div data-elementor-type=\"wp-post\" data-elementor-id=\"7514\" class=\"elementor elementor-7514 elementor-6662\">\n\t\t\t\t\t\t\t\t\t<section class=\"elementor-section elementor-top-section elementor-element elementor-element-7afe447 elementor-section-boxed elementor-section-height-default elementor-section-height-default sc_fly_static\" data-id=\"7afe447\" data-element_type=\"section\">\n\t\t\t\t\t\t<div class=\"elementor-container elementor-column-gap-extended\">\n\t\t\t\t\t<div class=\"elementor-column elementor-col-100 elementor-top-column elementor-element elementor-element-c4ae4b7 sc_inner_width_none sc_content_align_inherit sc_layouts_column_icons_position_left sc_fly_static\" data-id=\"c4ae4b7\" data-element_type=\"column\">\n\t\t\t<div class=\"elementor-widget-wrap elementor-element-populated\">\n\t\t\t\t\t\t\t\t<div class=\"elementor-element elementor-element-8966ee7 elementor-widget__width-inherit animation_type_block sc_fly_static elementor-widget elementor-widget-text-editor\" data-id=\"8966ee7\" data-element_type=\"widget\" data-widget_type=\"text-editor.default\">\n\t\t\t\t<div class=\"elementor-widget-container\">\n\t\t\t\t\t\t\t<p><a href=\"https:\/\/atelierp7.cz\/courses\/private-pottery-class-prague\/\" target=\"_blank\" rel=\"noopener\"><strong><span style=\"text-decoration: underline;\">Ve\u0161ker\u00e9 informace o soukrom\u00fdch lekc\u00edch keramiky najdete zde &gt;&gt;<\/span><\/strong><\/a><\/p>\n<p><strong>Last Minute Gift: <\/strong><\/p>\n<ol>\n<li>Order<\/li>\n<li>Send Payment<\/li>\n<li>Tisk <strong><span style=\"text-decoration: underline;\"><a href=\"https:\/\/atelierp7.cz\/wp-content\/uploads\/2023\/10\/Gift_Voucher_1h_pottery_workshop_prague_en.pdf\" target=\"_blank\" rel=\"noopener\">Voucher PDF (CZ)<\/a><\/span><\/strong>nebo z galerie<\/li>\n<li>Write ID of Order on Voucher<\/li>\n<li>Give as Gift<\/li>\n<\/ol>\n<p><a href=\"https:\/\/atelierp7.cz\/courses\/3-week-handmade-pottery-class\/\" target=\"_blank\" rel=\"noopener\"><strong><span style=\"text-decoration: underline;\"> <\/span><\/strong><\/a><\/p>\n\t\t\t\t\t\t<\/div>\n\t\t\t\t<\/div>\n\t\t\t\t\t<\/div>\n\t\t<\/div>\n\t\t\t\t\t\t\t<\/div>\n\t\t<\/section>\n\t\t\t\t\t\t\t<\/div>\n\t\t","protected":false},"excerpt":{"rendered":"<ul>\n<li>\n<p class=\"p1\"><strong>3 a v\u00edce osob: 2100 K\u010d \/ osoba<\/strong><\/p>\n<\/li>\n<li>\n<p class=\"p1\"><strong>1-2 osoby: 4900 K\u010d<\/strong><\/p>\n<\/li>\n<li>\n<p class=\"p1\"><strong>Maxim\u00e1ln\u011b 18 osob<\/strong><\/p>\n<\/li>\n<li>\n<p class=\"p1\">Kontaktujte n\u00e1s pro podrobnosti<\/p>\n<\/li>\n<\/ul>\n","protected":false},"featured_media":7611,"template":"","meta":{"content-type":""},"product_cat":[161,162],"product_tag":[],"_links":{"self":[{"href":"https:\/\/atelierp7.cz\/cs\/wp-json\/wp\/v2\/product\/7514"}],"collection":[{"href":"https:\/\/atelierp7.cz\/cs\/wp-json\/wp\/v2\/product"}],"about":[{"href":"https:\/\/atelierp7.cz\/cs\/wp-json\/wp\/v2\/types\/product"}],"version-history":[{"count":17,"href":"https:\/\/atelierp7.cz\/cs\/wp-json\/wp\/v2\/product\/7514\/revisions"}],"predecessor-version":[{"id":11080,"href":"https:\/\/atelierp7.cz\/cs\/wp-json\/wp\/v2\/product\/7514\/revisions\/11080"}],"wp:featuredmedia":[{"embeddable":true,"href":"https:\/\/atelierp7.cz\/cs\/wp-json\/wp\/v2\/media\/7611"}],"wp:attachment":[{"href":"https:\/\/atelierp7.cz\/cs\/wp-json\/wp\/v2\/media?parent=7514"}],"wp:term":[{"taxonomy":"product_cat","embeddable":true,"href":"https:\/\/atelierp7.cz\/cs\/wp-json\/wp\/v2\/product_cat?post=7514"},{"taxonomy":"product_tag","embeddable":true,"href":"https:\/\/atelierp7.cz\/cs\/wp-json\/wp\/v2\/product_tag?post=7514"}],"curies":[{"name":"wp","href":"https:\/\/api.w.org\/{rel}","templated":true}]}}